{"id":641,"date":"2022-03-21T00:03:57","date_gmt":"2022-03-20T23:03:57","guid":{"rendered":"http:\/\/10.99.9.55:8081\/?page_id=641"},"modified":"2022-04-11T21:19:49","modified_gmt":"2022-04-11T19:19:49","slug":"datenschutzerklaerung","status":"publish","type":"page","link":"https:\/\/aedificium-service.de\/?page_id=641","title":{"rendered":"Datenschutzerkl\u00e4rung"},"content":{"rendered":"\t\t<div data-elementor-type=\"wp-page\" data-elementor-id=\"641\" class=\"elementor elementor-641\" data-elementor-post-type=\"page\">\n\t\t\t\t\t\t<section class=\"elementor-section elementor-top-section elementor-element elementor-element-bb09e81 elementor-section-boxed elementor-section-height-default elementor-section-height-default\" data-id=\"bb09e81\" data-element_type=\"section\" data-e-type=\"section\">\n\t\t\t\t\t\t<div class=\"elementor-container elementor-column-gap-default\">\n\t\t\t\t\t<div class=\"elementor-column elementor-col-100 elementor-top-column elementor-element elementor-element-8c65fb0\" data-id=\"8c65fb0\" data-element_type=\"column\" data-e-type=\"column\">\n\t\t\t<div class=\"elementor-widget-wrap elementor-element-populated\">\n\t\t\t\t\t\t<div class=\"elementor-element elementor-element-67230d9 elementor-widget elementor-widget-heading\" data-id=\"67230d9\" data-element_type=\"widget\" data-e-type=\"widget\" data-widget_type=\"heading.default\">\n\t\t\t\t<div class=\"elementor-widget-container\">\n\t\t\t\t\t<h2 class=\"elementor-heading-title elementor-size-default\">Datenschutzerkl\u00e4rung<\/h2>\t\t\t\t<\/div>\n\t\t\t\t<\/div>\n\t\t\t\t\t<\/div>\n\t\t<\/div>\n\t\t\t\t\t<\/div>\n\t\t<\/section>\n\t\t\t\t<section class=\"elementor-section elementor-top-section elementor-element elementor-element-14e7476 elementor-section-boxed elementor-section-height-default elementor-section-height-default\" data-id=\"14e7476\" data-element_type=\"section\" data-e-type=\"section\">\n\t\t\t\t\t\t<div class=\"elementor-container elementor-column-gap-default\">\n\t\t\t\t\t<div class=\"elementor-column elementor-col-100 elementor-top-column elementor-element elementor-element-7c77db9\" data-id=\"7c77db9\" data-element_type=\"column\" data-e-type=\"column\">\n\t\t\t<div class=\"elementor-widget-wrap elementor-element-populated\">\n\t\t\t\t\t\t<div class=\"elementor-element elementor-element-012caed elementor-widget elementor-widget-text-editor\" data-id=\"012caed\" data-element_type=\"widget\" data-e-type=\"widget\" data-widget_type=\"text-editor.default\">\n\t\t\t\t<div class=\"elementor-widget-container\">\n\t\t\t\t\t\t\t\t\t<p>\u00a0<\/p>\n<p><strong>Haftungsausschluss<\/strong><\/p>\n<p>F\u00fcr die Richtigkeit und Vollst\u00e4ndigkeit der Informationen auf dieser Website wird trotz sorgf\u00e4ltiger Pr\u00fcfung keine Gew\u00e4hr \u00fcbernommen. Inhalte von Websites, auf die mittels Link direkt oder indirekt verwiesen wird, entziehen sich unserem Einflussbereich. Wir distanzieren uns ausdr\u00fccklich von deren Inhalt und Gestaltung und schlie\u00dfen auch hier jegliche Haftung aus.<\/p>\n<p><br \/><strong>Datenschutzhinweis<\/strong><\/p>\n<p>Innerhalb dieser Internetpr\u00e4senz besteht die M\u00f6glichkeit, uns personenbezogene Daten zu \u00fcbermitteln. \u201ePersonenbezogene Daten\u201c sind Informationen, die genutzt werden k\u00f6nnen, um Ihre Identit\u00e4t zu erfahren. Darunter fallen Informationen wie Ihr Name, Adresse, Postanschrift, Telefonnummer, E-mail-Adresse u.a.<\/p>\n<p>Hinsichtlich Ihrer personenbezogenen Daten weisen wir darauf hin, dass diese nach Ma\u00dfgabe der anwendbaren Datenschutzbestimmungen gespeichert und \/ oder \u00fcbertragen werden. Im \u00fcbrigen werden personenbezogene Daten absolut vertraulich behandelt und nur mit gesonderter Zustimmung an Dritte weitergeleitet.<\/p>\n<p>Wir weisen ausdr\u00fccklich darauf hin, dass der Datenschutz in offenen Netzen wie dem Internet nach dem derzeitigen Stand der Technik nicht vollst\u00e4ndig gew\u00e4hrleistet werden kann. Wir wissen das Vertrauen zu sch\u00e4tzen, das Sie uns entgegen bringen, und wenden \u00e4u\u00dferste Sorgfalt an, um Ihre pers\u00f6nlichen Angaben zu sch\u00fctzen. Wenn Sie Fragen haben, k\u00f6nnen Sie sich gern auch direkt an uns wenden.<\/p>\n<p>\u00a0<\/p>\n<p><strong>Verbraucherinformationen<\/strong><br \/>Online-Streitbeilegung gem\u00e4\u00df Art. 14 Abs. 1 ODR-VO:<\/p>\n<p>Die Europ\u00e4ische Kommission stellt eine Plattform zur Online-Streitbeilegung (OS) bereit, die Sie hier finden: http:\/\/ec.europa.eu\/consumers\/odr<\/p>\t\t\t\t\t\t\t\t<\/div>\n\t\t\t\t<\/div>\n\t\t\t\t\t<\/div>\n\t\t<\/div>\n\t\t\t\t\t<\/div>\n\t\t<\/section>\n\t\t\t\t<\/div>\n\t\t","protected":false},"excerpt":{"rendered":"<p>Datenschutzerkl\u00e4rung \u00a0 Haftungsausschluss F\u00fcr die Richtigkeit und Vollst\u00e4ndigkeit der Informationen auf dieser Website wird trotz sorgf\u00e4ltiger Pr\u00fcfung keine Gew\u00e4hr \u00fcbernommen. Inhalte von Websites, auf die mittels Link direkt oder indirekt verwiesen wird, entziehen sich unserem Einflussbereich. Wir distanzieren uns ausdr\u00fccklich von deren Inhalt und Gestaltung und schlie\u00dfen auch hier jegliche Haftung aus. Datenschutzhinweis Innerhalb dieser [&hellip;]<\/p>\n","protected":false},"author":1,"featured_media":0,"parent":0,"menu_order":0,"comment_status":"closed","ping_status":"closed","template":"","meta":{"footnotes":""},"class_list":["post-641","page","type-page","status-publish","hentry"],"_links":{"self":[{"href":"https:\/\/aedificium-service.de\/index.php?rest_route=\/wp\/v2\/pages\/641","targetHints":{"allow":["GET"]}}],"collection":[{"href":"https:\/\/aedificium-service.de\/index.php?rest_route=\/wp\/v2\/pages"}],"about":[{"href":"https:\/\/aedificium-service.de\/index.php?rest_route=\/wp\/v2\/types\/page"}],"author":[{"embeddable":true,"href":"https:\/\/aedificium-service.de\/index.php?rest_route=\/wp\/v2\/users\/1"}],"replies":[{"embeddable":true,"href":"https:\/\/aedificium-service.de\/index.php?rest_route=%2Fwp%2Fv2%2Fcomments&post=641"}],"version-history":[{"count":3,"href":"https:\/\/aedificium-service.de\/index.php?rest_route=\/wp\/v2\/pages\/641\/revisions"}],"predecessor-version":[{"id":842,"href":"https:\/\/aedificium-service.de\/index.php?rest_route=\/wp\/v2\/pages\/641\/revisions\/842"}],"wp:attachment":[{"href":"https:\/\/aedificium-service.de\/index.php?rest_route=%2Fwp%2Fv2%2Fmedia&parent=641"}],"curies":[{"name":"wp","href":"https:\/\/api.w.org\/{rel}","templated":true}]}}